{"id":306,"date":"2022-09-30T16:06:58","date_gmt":"2022-09-30T21:06:58","guid":{"rendered":"https:\/\/sgdesign.com.co\/?page_id=306"},"modified":"2026-01-16T10:36:40","modified_gmt":"2026-01-16T15:36:40","slug":"inicio","status":"publish","type":"page","link":"https:\/\/sgdesign.com.co\/en\/","title":{"rendered":"Dise\u00f1o de p\u00e1ginas web"},"content":{"rendered":"<div data-elementor-type=\"wp-page\" data-elementor-id=\"306\" class=\"elementor elementor-306\">\n\t\t\t\t\t\t<section class=\"elementor-section elementor-top-section elementor-element elementor-element-02f86b6 elementor-section-height-min-height elementor-hidden-tablet elementor-hidden-mobile elementor-section-full_width elementor-section-height-default elementor-section-items-middle\" data-id=\"02f86b6\" data-element_type=\"section\" data-settings=\"{&quot;background_background&quot;:&quot;classic&quot;}\">\n\t\t\t\t\t\t<div class=\"elementor-container elementor-column-gap-default\">\n\t\t\t\t\t<div class=\"elementor-column elementor-col-100 elementor-top-column elementor-element elementor-element-a00acbc\" data-id=\"a00acbc\" data-element_type=\"column\">\n\t\t\t<div class=\"elementor-widget-wrap\">\n\t\t\t\t\t\t\t<\/div>\n\t\t<\/div>\n\t\t\t\t\t<\/div>\n\t\t<\/section>\n\t\t\t\t<section class=\"elementor-section elementor-top-section elementor-element elementor-element-1a0ca7b elementor-section-height-min-height elementor-section-full_width elementor-hidden-desktop elementor-section-height-default elementor-section-items-middle\" data-id=\"1a0ca7b\" data-element_type=\"section\" data-settings=\"{&quot;background_background&quot;:&quot;classic&quot;}\">\n\t\t\t\t\t\t<div class=\"elementor-container elementor-column-gap-default\">\n\t\t\t\t\t<div class=\"elementor-column elementor-col-100 elementor-top-column elementor-element elementor-element-e1ab270\" data-id=\"e1ab270\" data-element_type=\"column\">\n\t\t\t<div class=\"elementor-widget-wrap\">\n\t\t\t\t\t\t\t<\/div>\n\t\t<\/div>\n\t\t\t\t\t<\/div>\n\t\t<\/section>\n\t\t\t\t<section class=\"elementor-section elementor-top-section elementor-element elementor-element-627c80c elementor-section-full_width elementor-section-height-min-height elementor-section-height-default elementor-section-items-middle\" data-id=\"627c80c\" data-element_type=\"section\" data-settings=\"{&quot;background_background&quot;:&quot;classic&quot;}\">\n\t\t\t\t\t\t\t<div class=\"elementor-background-overlay\"><\/div>\n\t\t\t\t\t\t\t<div class=\"elementor-container elementor-column-gap-default\">\n\t\t\t\t\t<div class=\"elementor-column elementor-col-50 elementor-top-column elementor-element elementor-element-9d4c259\" data-id=\"9d4c259\" data-element_type=\"column\">\n\t\t\t<div class=\"elementor-widget-wrap elementor-element-populated\">\n\t\t\t\t\t\t<div class=\"elementor-element elementor-element-2d12152 elementor-widget__width-initial elementor-widget elementor-widget-heading\" data-id=\"2d12152\" data-element_type=\"widget\" data-widget_type=\"heading.default\">\n\t\t\t\t<div class=\"elementor-widget-container\">\n\t\t\t\t\t<h2 class=\"elementor-heading-title elementor-size-default\">Creamos web en WordPress, React, Apps<\/h2>\t\t\t\t<\/div>\n\t\t\t\t<\/div>\n\t\t\t\t<div class=\"elementor-element elementor-element-a1de838 elementor-widget__width-initial elementor-widget elementor-widget-text-editor\" data-id=\"a1de838\" data-element_type=\"widget\" data-widget_type=\"text-editor.default\">\n\t\t\t\t<div class=\"elementor-widget-container\">\n\t\t\t\t\t\t\t\t\t<p id=\"t_principal\">En SG Design Agency nos especializamos en crear p\u00e1ginas web en WordPress, tiendas e-commerce, landing pages y SEO. Son las principales herramientas que utilizamos para potenciar la presencia digital de tu marca o empresa.<\/p>\t\t\t\t\t\t\t\t<\/div>\n\t\t\t\t<\/div>\n\t\t\t\t\t<\/div>\n\t\t<\/div>\n\t\t\t\t<div class=\"elementor-column elementor-col-50 elementor-top-column elementor-element elementor-element-fd81576\" data-id=\"fd81576\" data-element_type=\"column\">\n\t\t\t<div class=\"elementor-widget-wrap elementor-element-populated\">\n\t\t\t\t\t\t<div class=\"elementor-element elementor-element-3c56139 elementor-widget elementor-widget-image\" data-id=\"3c56139\" data-element_type=\"widget\" data-widget_type=\"image.default\">\n\t\t\t\t<div class=\"elementor-widget-container\">\n\t\t\t\t\t\t\t\t\t\t\t\t\t\t\t<img fetchpriority=\"high\" decoding=\"async\" width=\"1024\" height=\"1024\" src=\"https:\/\/sgdesign.com.co\/wp-content\/uploads\/2026\/01\/Esta-puede-ser-la-web-de-tu-evento-1024x1024.webp\" class=\"attachment-large size-large wp-image-2410\" alt=\"\" srcset=\"https:\/\/sgdesign.com.co\/wp-content\/uploads\/2026\/01\/Esta-puede-ser-la-web-de-tu-evento-1024x1024.webp 1024w, https:\/\/sgdesign.com.co\/wp-content\/uploads\/2026\/01\/Esta-puede-ser-la-web-de-tu-evento-300x300.webp 300w, https:\/\/sgdesign.com.co\/wp-content\/uploads\/2026\/01\/Esta-puede-ser-la-web-de-tu-evento-150x150.webp 150w, https:\/\/sgdesign.com.co\/wp-content\/uploads\/2026\/01\/Esta-puede-ser-la-web-de-tu-evento-768x768.webp 768w, https:\/\/sgdesign.com.co\/wp-content\/uploads\/2026\/01\/Esta-puede-ser-la-web-de-tu-evento-12x12.webp 12w, https:\/\/sgdesign.com.co\/wp-content\/uploads\/2026\/01\/Esta-puede-ser-la-web-de-tu-evento-600x600.webp 600w, https:\/\/sgdesign.com.co\/wp-content\/uploads\/2026\/01\/Esta-puede-ser-la-web-de-tu-evento-100x100.webp 100w, https:\/\/sgdesign.com.co\/wp-content\/uploads\/2026\/01\/Esta-puede-ser-la-web-de-tu-evento.webp 1080w\" sizes=\"(max-width: 1024px) 100vw, 1024px\" \/>\t\t\t\t\t\t\t\t\t\t\t\t\t\t\t<\/div>\n\t\t\t\t<\/div>\n\t\t\t\t\t<\/div>\n\t\t<\/div>\n\t\t\t\t\t<\/div>\n\t\t<\/section>\n\t\t\t\t<section class=\"elementor-section elementor-top-section elementor-element elementor-element-8cc5348 elementor-section-boxed elementor-section-height-default elementor-section-height-default\" data-id=\"8cc5348\" data-element_type=\"section\" data-settings=\"{&quot;background_background&quot;:&quot;classic&quot;}\">\n\t\t\t\t\t\t<div class=\"elementor-container elementor-column-gap-default\">\n\t\t\t\t\t<div class=\"elementor-column elementor-col-50 elementor-top-column elementor-element elementor-element-2cbd447\" data-id=\"2cbd447\" data-element_type=\"column\" data-settings=\"{&quot;background_background&quot;:&quot;classic&quot;}\">\n\t\t\t<div class=\"elementor-widget-wrap elementor-element-populated\">\n\t\t\t\t\t\t<div class=\"elementor-element elementor-element-af79533 elementor-widget elementor-widget-heading\" data-id=\"af79533\" data-element_type=\"widget\" data-widget_type=\"heading.default\">\n\t\t\t\t<div class=\"elementor-widget-container\">\n\t\t\t\t\t<h2 class=\"elementor-heading-title elementor-size-default\">Nuestros clientes:<\/h2>\t\t\t\t<\/div>\n\t\t\t\t<\/div>\n\t\t\t\t<div class=\"elementor-element elementor-element-7bd2b89 elementor-arrows-position-outside elementor-widget__width-initial elementor-widget elementor-widget-image-carousel\" data-id=\"7bd2b89\" data-element_type=\"widget\" data-settings=\"{&quot;navigation&quot;:&quot;arrows&quot;,&quot;slides_to_show&quot;:&quot;1&quot;,&quot;effect&quot;:&quot;fade&quot;,&quot;autoplay&quot;:&quot;yes&quot;,&quot;pause_on_hover&quot;:&quot;yes&quot;,&quot;pause_on_interaction&quot;:&quot;yes&quot;,&quot;autoplay_speed&quot;:5000,&quot;infinite&quot;:&quot;yes&quot;,&quot;speed&quot;:500}\" data-widget_type=\"image-carousel.default\">\n\t\t\t\t<div class=\"elementor-widget-container\">\n\t\t\t\t\t\t\t<div class=\"elementor-image-carousel-wrapper swiper\" role=\"region\" aria-roledescription=\"carousel\" aria-label=\"Carrusel de im\u00e1genes\" dir=\"ltr\">\n\t\t\t<div class=\"elementor-image-carousel swiper-wrapper\" aria-live=\"off\">\n\t\t\t\t\t\t\t\t<div class=\"swiper-slide\" role=\"group\" aria-roledescription=\"slide\" aria-label=\"1 of 10\"><figure class=\"swiper-slide-inner\"><img decoding=\"async\" class=\"swiper-slide-image\" src=\"https:\/\/sgdesign.com.co\/wp-content\/uploads\/2024\/11\/logo-ma-servicios-profesionales.webp\" alt=\"logo-ma-servicios-profesionales\" \/><\/figure><\/div><div class=\"swiper-slide\" role=\"group\" aria-roledescription=\"slide\" aria-label=\"2 of 10\"><figure class=\"swiper-slide-inner\"><img decoding=\"async\" class=\"swiper-slide-image\" src=\"https:\/\/sgdesign.com.co\/wp-content\/uploads\/2024\/01\/fundacion-carulla.webp\" alt=\"fundacion carulla\" \/><\/figure><\/div><div class=\"swiper-slide\" role=\"group\" aria-roledescription=\"slide\" aria-label=\"3 of 10\"><figure class=\"swiper-slide-inner\"><img decoding=\"async\" class=\"swiper-slide-image\" src=\"https:\/\/sgdesign.com.co\/wp-content\/uploads\/2024\/01\/diamond.webp\" alt=\"diamond\" \/><\/figure><\/div><div class=\"swiper-slide\" role=\"group\" aria-roledescription=\"slide\" aria-label=\"4 of 10\"><figure class=\"swiper-slide-inner\"><img decoding=\"async\" class=\"swiper-slide-image\" src=\"https:\/\/sgdesign.com.co\/wp-content\/uploads\/2022\/05\/inhalaips.png\" alt=\"inhalaips\" \/><\/figure><\/div><div class=\"swiper-slide\" role=\"group\" aria-roledescription=\"slide\" aria-label=\"5 of 10\"><figure class=\"swiper-slide-inner\"><img decoding=\"async\" class=\"swiper-slide-image\" src=\"https:\/\/sgdesign.com.co\/wp-content\/uploads\/2022\/10\/logos-de-mis-clientes-5.jpg\" alt=\"logos-de-mis-clientes-5\" \/><\/figure><\/div><div class=\"swiper-slide\" role=\"group\" aria-roledescription=\"slide\" aria-label=\"6 of 10\"><figure class=\"swiper-slide-inner\"><img decoding=\"async\" class=\"swiper-slide-image\" src=\"https:\/\/sgdesign.com.co\/wp-content\/uploads\/2022\/10\/logos-de-mis-clientes-4.jpg\" alt=\"logos-de-mis-clientes-4\" \/><\/figure><\/div><div class=\"swiper-slide\" role=\"group\" aria-roledescription=\"slide\" aria-label=\"7 of 10\"><figure class=\"swiper-slide-inner\"><img decoding=\"async\" class=\"swiper-slide-image\" src=\"https:\/\/sgdesign.com.co\/wp-content\/uploads\/2022\/10\/logos-de-mis-clientes-3.jpg\" alt=\"logos-de-mis-clientes-3\" \/><\/figure><\/div><div class=\"swiper-slide\" role=\"group\" aria-roledescription=\"slide\" aria-label=\"8 of 10\"><figure class=\"swiper-slide-inner\"><img decoding=\"async\" class=\"swiper-slide-image\" src=\"https:\/\/sgdesign.com.co\/wp-content\/uploads\/2022\/10\/logos-de-mis-clientes-6.jpg\" alt=\"logos-de-mis-clientes-6\" \/><\/figure><\/div><div class=\"swiper-slide\" role=\"group\" aria-roledescription=\"slide\" aria-label=\"9 of 10\"><figure class=\"swiper-slide-inner\"><img decoding=\"async\" class=\"swiper-slide-image\" src=\"https:\/\/sgdesign.com.co\/wp-content\/uploads\/2022\/10\/logos-clientes.jpg\" alt=\"logos clientes\" \/><\/figure><\/div><div class=\"swiper-slide\" role=\"group\" aria-roledescription=\"slide\" aria-label=\"10 of 10\"><figure class=\"swiper-slide-inner\"><img decoding=\"async\" class=\"swiper-slide-image\" src=\"https:\/\/sgdesign.com.co\/wp-content\/uploads\/2024\/11\/integralph.webp\" alt=\"integralph\" \/><\/figure><\/div>\t\t\t<\/div>\n\t\t\t\t\t\t\t\t\t\t\t\t<div class=\"elementor-swiper-button elementor-swiper-button-prev\" role=\"button\" tabindex=\"0\">\n\t\t\t\t\t\t<i aria-hidden=\"true\" class=\"eicon-chevron-left\"><\/i>\t\t\t\t\t<\/div>\n\t\t\t\t\t<div class=\"elementor-swiper-button elementor-swiper-button-next\" role=\"button\" tabindex=\"0\">\n\t\t\t\t\t\t<i aria-hidden=\"true\" class=\"eicon-chevron-right\"><\/i>\t\t\t\t\t<\/div>\n\t\t\t\t\n\t\t\t\t\t\t\t\t\t<\/div>\n\t\t\t\t\t\t<\/div>\n\t\t\t\t<\/div>\n\t\t\t\t\t<\/div>\n\t\t<\/div>\n\t\t\t\t<div class=\"elementor-column elementor-col-50 elementor-top-column elementor-element elementor-element-17fc1cb\" data-id=\"17fc1cb\" data-element_type=\"column\">\n\t\t\t<div class=\"elementor-widget-wrap elementor-element-populated\">\n\t\t\t\t\t\t<div class=\"elementor-element elementor-element-2ac4445 elementor-widget elementor-widget-heading\" data-id=\"2ac4445\" data-element_type=\"widget\" data-widget_type=\"heading.default\">\n\t\t\t\t<div class=\"elementor-widget-container\">\n\t\t\t\t\t<h2 class=\"elementor-heading-title elementor-size-default\">Llevamos 5 a\u00f1os creando p\u00e1ginas web<\/h2>\t\t\t\t<\/div>\n\t\t\t\t<\/div>\n\t\t\t\t<div class=\"elementor-element elementor-element-1d3d6e2 elementor-widget elementor-widget-text-editor\" data-id=\"1d3d6e2\" data-element_type=\"widget\" data-widget_type=\"text-editor.default\">\n\t\t\t\t<div class=\"elementor-widget-container\">\n\t\t\t\t\t\t\t\t\t<p>Dise\u00f1amos web en diferentes ciudades de Colombia. Mejorando empresas y cumpliendo todos los retos que se nos precentan a diario. Este es el motor y el enfoque de nuestra agencia donde no solo cumplimos los sue\u00f1os del cliente sino que analisamos todo lo necesario para que tu sitio web relamente optenga resultados<\/p>\t\t\t\t\t\t\t\t<\/div>\n\t\t\t\t<\/div>\n\t\t\t\t<div class=\"elementor-element elementor-element-2e941dbc elementor-widget elementor-widget-text-editor\" data-id=\"2e941dbc\" data-element_type=\"widget\" data-widget_type=\"text-editor.default\">\n\t\t\t\t<div class=\"elementor-widget-container\">\n\t\t\t\t\t\t\t\t\t<div id=\"bannerPrincipal\"><div id=\"cont_blanco\"><ul class=\"listaServicios\"><li class=\"itemLista\">Sitios web con hosting y dominio.<\/li><li class=\"itemLista\">Dise\u00f1o de paginas a la medida<\/li><li class=\"itemLista\">Web e-comerce con pasarela de pago como Wompi.<\/li><li class=\"itemLista\">Sitios web informativos y amigables con google<\/li><li class=\"itemLista\">Dise\u00f1o web interactivo UX \u2013 UI<\/li><li class=\"itemLista\"><a href=\"https:\/\/us22.list-manage.com\/contact-form?u=c2331bb285211f72bc8c70067&amp;form_id=d40f52e5c5e98e680bfadddae251c81b\" target=\"_blank\" rel=\"noopener\"><strong>\ud83d\udceaSuscr\u00edbete<\/strong> y recibe descuentos y novedades<\/a><\/li><\/ul><\/div><\/div>\t\t\t\t\t\t\t\t<\/div>\n\t\t\t\t<\/div>\n\t\t\t\t\t<\/div>\n\t\t<\/div>\n\t\t\t\t\t<\/div>\n\t\t<\/section>\n\t\t\t\t<\/div>","protected":false},"excerpt":{"rendered":"<p>Creamos web en WordPress, React, Apps En SG Design Agency nos especializamos en crear p\u00e1ginas web en WordPress, tiendas e-commerce, landing pages y SEO. Son las principales herramientas que utilizamos para potenciar la presencia digital de tu marca o empresa. Nuestros clientes: Llevamos 5 a\u00f1os creando p\u00e1ginas web Dise\u00f1amos web en diferentes ciudades de Colombia. [&hellip;]<\/p>","protected":false},"author":1,"featured_media":0,"parent":0,"menu_order":0,"comment_status":"closed","ping_status":"closed","template":"","meta":{"site-sidebar-layout":"no-sidebar","site-content-layout":"page-builder","ast-site-content-layout":"full-width-container","site-content-style":"unboxed","site-sidebar-style":"unboxed","ast-global-header-display":"","ast-banner-title-visibility":"","ast-main-header-display":"","ast-hfb-above-header-display":"","ast-hfb-below-header-display":"","ast-hfb-mobile-header-display":"","site-post-title":"disabled","ast-breadcrumbs-content":"","ast-featured-img":"disabled","footer-sml-layout":"","theme-transparent-header-meta":"","adv-header-id-meta":"","stick-header-meta":"","header-above-stick-meta":"","header-main-stick-meta":"","header-below-stick-meta":"","astra-migrate-meta-layouts":"set","ast-page-background-enabled":"default","ast-page-background-meta":{"desktop":{"background-color":"var(--ast-global-color-4)","background-image":"","background-repeat":"repeat","background-position":"center center","background-size":"auto","background-attachment":"scroll","background-type":"","background-media":"","overlay-type":"","overlay-color":"","overlay-opacity":"","overlay-gradient":""},"tablet":{"background-color":"","background-image":"","background-repeat":"repeat","background-position":"center center","background-size":"auto","background-attachment":"scroll","background-type":"","background-media":"","overlay-type":"","overlay-color":"","overlay-opacity":"","overlay-gradient":""},"mobile":{"background-color":"","background-image":"","background-repeat":"repeat","background-position":"center center","background-size":"auto","background-attachment":"scroll","background-type":"","background-media":"","overlay-type":"","overlay-color":"","overlay-opacity":"","overlay-gradient":""}},"ast-content-background-meta":{"desktop":{"background-color":"var(--ast-global-color-5)","background-image":"","background-repeat":"repeat","background-position":"center center","background-size":"auto","background-attachment":"scroll","background-type":"","background-media":"","overlay-type":"","overlay-color":"","overlay-opacity":"","overlay-gradient":""},"tablet":{"background-color":"var(--ast-global-color-5)","background-image":"","background-repeat":"repeat","background-position":"center center","background-size":"auto","background-attachment":"scroll","background-type":"","background-media":"","overlay-type":"","overlay-color":"","overlay-opacity":"","overlay-gradient":""},"mobile":{"background-color":"var(--ast-global-color-5)","background-image":"","background-repeat":"repeat","background-position":"center center","background-size":"auto","background-attachment":"scroll","background-type":"","background-media":"","overlay-type":"","overlay-color":"","overlay-opacity":"","overlay-gradient":""}},"footnotes":""},"class_list":["post-306","page","type-page","status-publish","hentry"],"_links":{"self":[{"href":"https:\/\/sgdesign.com.co\/en\/wp-json\/wp\/v2\/pages\/306","targetHints":{"allow":["GET"]}}],"collection":[{"href":"https:\/\/sgdesign.com.co\/en\/wp-json\/wp\/v2\/pages"}],"about":[{"href":"https:\/\/sgdesign.com.co\/en\/wp-json\/wp\/v2\/types\/page"}],"author":[{"embeddable":true,"href":"https:\/\/sgdesign.com.co\/en\/wp-json\/wp\/v2\/users\/1"}],"replies":[{"embeddable":true,"href":"https:\/\/sgdesign.com.co\/en\/wp-json\/wp\/v2\/comments?post=306"}],"version-history":[{"count":679,"href":"https:\/\/sgdesign.com.co\/en\/wp-json\/wp\/v2\/pages\/306\/revisions"}],"predecessor-version":[{"id":2430,"href":"https:\/\/sgdesign.com.co\/en\/wp-json\/wp\/v2\/pages\/306\/revisions\/2430"}],"wp:attachment":[{"href":"https:\/\/sgdesign.com.co\/en\/wp-json\/wp\/v2\/media?parent=306"}],"curies":[{"name":"wp","href":"https:\/\/api.w.org\/{rel}","templated":true}]}}